{"id":2795,"date":"2022-11-14T12:17:29","date_gmt":"2022-11-14T11:17:29","guid":{"rendered":"https:\/\/2022.klimentis.de\/impressum\/"},"modified":"2024-10-02T12:06:17","modified_gmt":"2024-10-02T10:06:17","slug":"impressum","status":"publish","type":"page","link":"https:\/\/klimentis.de\/en\/impressum\/","title":{"rendered":"Site Notice"},"content":{"rendered":"\t\t<div data-elementor-type=\"wp-page\" data-elementor-id=\"2795\" class=\"elementor elementor-2795 elementor-2793\" data-elementor-post-type=\"page\">\n\t\t\t\t\t\t<section class=\"elementor-section elementor-top-section elementor-element elementor-element-7d444e63 elementor-section-boxed elementor-section-height-default elementor-section-height-default\" data-id=\"7d444e63\" data-element_type=\"section\" data-e-type=\"section\">\n\t\t\t\t\t\t<div class=\"elementor-container elementor-column-gap-default\">\n\t\t\t\t\t<div class=\"elementor-column elementor-col-100 elementor-top-column elementor-element elementor-element-78dfe0c3\" data-id=\"78dfe0c3\" data-element_type=\"column\" data-e-type=\"column\">\n\t\t\t<div class=\"elementor-widget-wrap elementor-element-populated\">\n\t\t\t\t\t\t<div class=\"elementor-element elementor-element-3ea3124a elementor-widget elementor-widget-text-editor\" data-id=\"3ea3124a\" data-element_type=\"widget\" data-e-type=\"widget\" data-widget_type=\"text-editor.default\">\n\t\t\t\t<div class=\"elementor-widget-container\">\n\t\t\t\t\t\t\t\t\t<h1>Site notice<\/h1>\n<h2>Information pursuant to Sect. 5 German Telemedia Act (TMG)<\/h2>\n<p>Feel Gastronomie GmbH<br>Kellerstr. 1<br>Zugang \u00fcber Preysingstr. 2<br>81667 M\u00fcnchen<\/p>\n<p>Commercial Register: HRB236866<br>Registration court: M\u00fcnchen<\/p>\n<p><strong>Represented by the managing partner:<\/strong><br>Elida Shita-Klimenti<\/p>\n<h2>Contact<\/h2>\n<p>Phone: +49 (0)89 958 66 050<br>E-mail: info@klimentis.de<\/p>\n<h2>VAT ID<\/h2>\n<p>Sales tax identification number according to Sect. 27 a of the Sales Tax Law:<br>DE316013548<\/p>\n<h2>EU dispute resolution<\/h2>\n<p>The European Commission provides a platform for online dispute resolution (ODR): <a href=\"https:\/\/ec.europa.eu\/consumers\/odr\/\" target=\"_blank\" rel=\"noreferrer noopener\">https:\/\/ec.europa.eu\/consumers\/odr\/<\/a>.<br>Our e-mail address can be found above in the site notice.<\/p>\n<h2>Dispute resolution proceedings in front of a consumer arbitration board<\/h2>\n<p>We are not willing or obliged to participate in dispute resolution proceedings in front of a consumer arbitration board.<\/p>\n<h2>&nbsp;<\/h2>\t\t\t\t\t\t\t\t<\/div>\n\t\t\t\t<\/div>\n\t\t\t\t\t<\/div>\n\t\t<\/div>\n\t\t\t\t\t<\/div>\n\t\t<\/section>\n\t\t\t\t<\/div>\n\t\t","protected":false},"excerpt":{"rendered":"<p>Site notice Information pursuant to Sect. 5 German Telemedia Act (TMG) Feel Gastronomie GmbHKellerstr. 1Zugang \u00fcber Preysingstr. 281667 M\u00fcnchen Commercial Register: HRB236866Registration court: M\u00fcnchen Represented by the managing partner:Elida Shita-Klimenti Contact Phone: +49 (0)89 958 66 050E-mail: info@klimentis.de VAT ID Sales tax identification number according to Sect. 27 a of the Sales Tax Law:DE316013548 EU [&hellip;]<\/p>\n","protected":false},"author":1,"featured_media":0,"parent":0,"menu_order":8000,"comment_status":"closed","ping_status":"closed","template":"elementor_header_footer","meta":{"footnotes":""},"class_list":["post-2795","page","type-page","status-publish","hentry"],"_links":{"self":[{"href":"https:\/\/klimentis.de\/en\/wp-json\/wp\/v2\/pages\/2795","targetHints":{"allow":["GET"]}}],"collection":[{"href":"https:\/\/klimentis.de\/en\/wp-json\/wp\/v2\/pages"}],"about":[{"href":"https:\/\/klimentis.de\/en\/wp-json\/wp\/v2\/types\/page"}],"author":[{"embeddable":true,"href":"https:\/\/klimentis.de\/en\/wp-json\/wp\/v2\/users\/1"}],"replies":[{"embeddable":true,"href":"https:\/\/klimentis.de\/en\/wp-json\/wp\/v2\/comments?post=2795"}],"version-history":[{"count":0,"href":"https:\/\/klimentis.de\/en\/wp-json\/wp\/v2\/pages\/2795\/revisions"}],"wp:attachment":[{"href":"https:\/\/klimentis.de\/en\/wp-json\/wp\/v2\/media?parent=2795"}],"curies":[{"name":"wp","href":"https:\/\/api.w.org\/{rel}","templated":true}]}}